{"id":212,"date":"2012-10-22T12:11:15","date_gmt":"2012-10-22T12:11:15","guid":{"rendered":"http:\/\/template-demos.com\/wp\/WP01\/WP010005\/?page_id=4"},"modified":"2023-06-29T16:58:00","modified_gmt":"2023-06-29T14:58:00","slug":"home","status":"publish","type":"page","link":"https:\/\/champsgalottes.fr\/","title":{"rendered":"Home"},"content":{"rendered":"<p>[vc_row el_id=\u00a0\u00bbhome__mainHead\u00a0\u00bb][vc_column][vc_empty_space height=\u00a0\u00bb80px\u00a0\u00bb][vc_row_inner][vc_column_inner width=\u00a0\u00bb1\/4&Prime;][\/vc_column_inner][vc_column_inner el_class=\u00a0\u00bbhome__welcome-text\u00a0\u00bb width=\u00a0\u00bb1\/2&Prime;][vc_column_text]<\/p>\n<h1 style=\"text-align: center;\">Bonjour \u00e0 tous!<\/h1>\n<h2 style=\"text-align: center;\">Nous vous souhaitons un bel \u00e9t\u00e9 ensoleill\u00e9 et fleuri!<\/h2>\n<p>[\/vc_column_text][vc_empty_space height=\u00a0\u00bb40px\u00a0\u00bb][vc_column_text]<\/p>\n<p style=\"text-align: center;\">Les Serres sont ouvertes:<\/p>\n<p style=\"text-align: center;\"><strong>le lundi, mardi, jeudi, vendredi et samedi,<\/strong><\/p>\n<p style=\"text-align: center;\"><strong>De 9h \u00e0 12h et de 14h \u00e0 18h<\/strong><\/p>\n<p>[\/vc_column_text][vc_empty_space height=\u00a0\u00bb40px\u00a0\u00bb][vc_column_text]<\/p>\n<p style=\"text-align: center;\"><strong>Nous sommes ferm\u00e9s le mercredi et le dimanche<\/strong><\/p>\n<p>[\/vc_column_text][vc_empty_space height=\u00a0\u00bb40px\u00a0\u00bb][\/vc_column_inner][vc_column_inner width=\u00a0\u00bb1\/4&Prime;][\/vc_column_inner][\/vc_row_inner][vc_empty_space height=\u00a0\u00bb80px\u00a0\u00bb][vc_empty_space height=\u00a0\u00bb80px\u00a0\u00bb][\/vc_column][\/vc_row][vc_row css=\u00a0\u00bb.vc_custom_1605891925081{padding-top: 0px !important;padding-bottom: 0px !important;}\u00a0\u00bb][vc_column][vc_row_inner gap=\u00a0\u00bb20&Prime; el_id=\u00a0\u00bbhome__categories\u00a0\u00bb][vc_column_inner width=\u00a0\u00bb1\/2&Prime;][vc_raw_html]JTNDYSUyMGhyZWYlM0QlMjJodHRwJTNBJTJGJTJGY2hhbXBzZ2Fsb3R0ZXMuZnIlMkZpbmRleC5waHAlMkZwcm9kdWN0LWNhdGVnb3J5JTJGZmxldXJzJTJGJTIyJTIwY2xhc3MlM0QlMjJob21lX19jYXRlZ29yeS1ibG9jayUyMGhvbWVfX2NhdGVnb3J5LWZsZXVycyUyMiUzRSUwQSUyMCUyMCUyMCUyMCUzQ3NwYW4lMjBjbGFzcyUzRCUyMmNhdGVnb3J5LWJsb2NrX190aXRsZSUyMiUzRU5vcyUyMEZsZXVycyUzQyUyRnNwYW4lM0UlMEElM0MlMkZhJTNF[\/vc_raw_html][vc_empty_space height=\u00a0\u00bb20px\u00a0\u00bb][vc_raw_html]JTNDYSUyMGhyZWYlM0QlMjJodHRwJTNBJTJGJTJGY2hhbXBzZ2Fsb3R0ZXMuZnIlMkZpbmRleC5waHAlMkZwcm9kdWN0LWNhdGVnb3J5JTJGc2VtZW5jZSUyRiUyMiUyMGNsYXNzJTNEJTIyaG9tZV9fY2F0ZWdvcnktYmxvY2slMjBob21lX19jYXRlZ29yeS1zZW1lbmNlcyUyMiUzRSUwQSUyMCUyMCUyMCUyMCUzQ3NwYW4lMjBjbGFzcyUzRCUyMmNhdGVnb3J5LWJsb2NrX190aXRsZSUyMiUzRVNlbWVuY2VzJTNDJTJGc3BhbiUzRSUwQSUzQyUyRmElM0U=[\/vc_raw_html][vc_empty_space height=\u00a0\u00bb20px\u00a0\u00bb][\/vc_column_inner][vc_column_inner width=\u00a0\u00bb1\/2&Prime;][vc_raw_html]JTNDYSUyMGhyZWYlM0QlMjJodHRwJTNBJTJGJTJGY2hhbXBzZ2Fsb3R0ZXMuZnIlMkZpbmRleC5waHAlMkZwcm9kdWN0LWNhdGVnb3J5JTJGcGxhbnRzLWxlZ3VtZXMlMkYlMjIlMjBjbGFzcyUzRCUyMmhvbWVfX2NhdGVnb3J5LWJsb2NrJTIwaG9tZV9fY2F0ZWdvcnktbGVndW1lcyUyMiUzRSUwQSUyMCUyMCUyMCUyMCUzQ3NwYW4lMjBjbGFzcyUzRCUyMmNhdGVnb3J5LWJsb2NrX190aXRsZSUyMiUzRVBsYW50cyUyMGRlJTIwbCVDMyVBOWd1bWVzJTNDJTJGc3BhbiUzRSUwQSUzQyUyRmElM0U=[\/vc_raw_html][vc_empty_space height=\u00a0\u00bb20px\u00a0\u00bb][vc_raw_html]JTNDYSUyMGhyZWYlM0QlMjJodHRwJTNBJTJGJTJGY2hhbXBzZ2Fsb3R0ZXMuZnIlMkZpbmRleC5waHAlMkZwcm9kdWN0LWNhdGVnb3J5JTJGYXJvbWF0aXF1ZSUyRiUyMiUyMGNsYXNzJTNEJTIyaG9tZV9fY2F0ZWdvcnktYmxvY2slMjBob21lX19jYXRlZ29yeS1hcm9tYXRlcyUyMiUzRSUwQSUyMCUyMCUyMCUyMCUzQ3NwYW4lMjBjbGFzcyUzRCUyMmNhdGVnb3J5LWJsb2NrX190aXRsZSUyMiUzRVBsYW50ZXMlMjBhciVDMyVCNG1hdGlxdWVzJTNDJTJGc3BhbiUzRSUwQSUzQyUyRmElM0U=[\/vc_raw_html][vc_empty_space height=\u00a0\u00bb20px\u00a0\u00bb][\/vc_column_inner][\/vc_row_inner][vc_row_inner gap=\u00a0\u00bb20&Prime;][vc_column_inner width=\u00a0\u00bb1\/4&Prime;][\/vc_column_inner][vc_column_inner width=\u00a0\u00bb1\/2&Prime;][vc_raw_html]JTNDYSUyMGhyZWYlM0QlMjJodHRwJTNBJTJGJTJGY2hhbXBzZ2Fsb3R0ZXMuZnIlMkZpbmRleC5waHAlMkZwcm9kdWN0LWNhdGVnb3J5JTJGdGVycmVhdS1wb3QtZW5ncmFpcyUyRiUyMiUyMGNsYXNzJTNEJTIyaG9tZV9fY2F0ZWdvcnktYmxvY2slMjBob21lX19jYXRlZ29yeS1hdXRyZXMlMjIlM0UlMEElMjAlMjAlMjAlMjAlM0NzcGFuJTIwY2xhc3MlM0QlMjJjYXRlZ29yeS1ibG9ja19fdGl0bGUlMjIlM0VUZXJyZWF1eCUyQyUyMHBvdHMlMjBldCUyMGVuZ3JhaXMlM0MlMkZzcGFuJTNFJTBBJTNDJTJGYSUzRQ==[\/vc_raw_html][vc_empty_space height=\u00a0\u00bb20px\u00a0\u00bb][\/vc_column_inner][vc_column_inner width=\u00a0\u00bb1\/4&Prime;][\/vc_column_inner][\/vc_row_inner][vc_row_inner][vc_column_inner][vc_empty_space height=\u00a0\u00bb40px\u00a0\u00bb el_class=\u00a0\u00bbemptySpace_L\u00a0\u00bb][vc_empty_space height=\u00a0\u00bb40px\u00a0\u00bb el_class=\u00a0\u00bbemptySpace_L\u00a0\u00bb][\/vc_column_inner][\/vc_row_inner][\/vc_column][\/vc_row][vc_row el_id=\u00a0\u00bbHome-FAQ\u00a0\u00bb][vc_column width=\u00a0\u00bb1\/4&Prime;][\/vc_column][vc_column width=\u00a0\u00bb1\/2&Prime;][vc_empty_space height=\u00a0\u00bb40px\u00a0\u00bb el_class=\u00a0\u00bbemptySpace_L\u00a0\u00bb]<div class=\"shortcode-title center \"><h1 class=\"big-title\">Vos questions<\/h1><\/div>[vc_empty_space height=\u00a0\u00bb20px\u00a0\u00bb el_class=\u00a0\u00bbemptySpace_none\u00a0\u00bb][vc_tta_accordion][vc_tta_section title=\u00a0\u00bbPuis-je me faire livrer?\u00a0\u00bb tab_id=\u00a0\u00bb1585070015254-4402b4a4-943a\u00a0\u00bb][vc_column_text]Nous ne serons malheureusement pas en mesure d&rsquo;effectuer les livraisons en cette pleine saison. En revanche, un syst\u00e8me de retrait \u00e9chelonn\u00e9 est mis en place pour vous permettre de venir chercher vos plantes en toute s\u00e9curit\u00e9[\/vc_column_text][\/vc_tta_section][vc_tta_section title=\u00a0\u00bbQuel est le temps n\u00e9cessaire pour que ma commande soit pr\u00eate?\u00a0\u00bb tab_id=\u00a0\u00bb1585070196639-9e6ab87c-42c2&Prime;][vc_column_text]Votre commande sera pr\u00eate dans l&rsquo;heure qui suit.[\/vc_column_text][\/vc_tta_section][vc_tta_section title=\u00a0\u00bbComment s&rsquo;effectue le paiement?\u00a0\u00bb tab_id=\u00a0\u00bb1585070325273-d70ae4aa-b656&Prime;][vc_column_text]\u00c0 ce jour, le paiement en ligne n&rsquo;a pas \u00e9t\u00e9 mis en place. Le paiement s&rsquo;effectuera donc lors du retrait, par carte bancaire, ch\u00e8que ou esp\u00e8ces.[\/vc_column_text][\/vc_tta_section][\/vc_tta_accordion][vc_empty_space height=\u00a0\u00bb80px\u00a0\u00bb el_class=\u00a0\u00bbemptySpace_L\u00a0\u00bb][\/vc_column][vc_column width=\u00a0\u00bb1\/4&Prime;][\/vc_column][\/vc_row][vc_row el_id=\u00a0\u00bbnos-campagnes\u00a0\u00bb][vc_column][vc_raw_html]JTNDaDMlMjBjbGFzcyUzRCUyMm5vcy1jYW1wYWduZXNfX2hlYWRlciUyMiUzRSUzQ2ltZyUyMHNyYyUzRCUyMmh0dHAlM0ElMkYlMkZjaGFtcHNnYWxvdHRlcy5mciUyRndwLWNvbnRlbnQlMkZ1cGxvYWRzJTJGMjAyMCUyRjEyJTJGbm9zLWNhbXBhZ25lc19faGVhZGVyJTQwMnguanBnJTIyJTIwYWx0JTNEJTIyTm9zJTIwQ2FtcGFnbmVzJTIyJTIwJTJGJTNFJTNDJTJGaDMlM0U=[\/vc_raw_html][vc_empty_space height=\u00a0\u00bb100px\u00a0\u00bb el_class=\u00a0\u00bbemptySpace_XL\u00a0\u00bb][vc_row_inner][vc_column_inner width=\u00a0\u00bb1\/6&Prime;][\/vc_column_inner][vc_column_inner width=\u00a0\u00bb2\/3&Prime;][vc_column_text]<\/p>\n<h2 class=\"p1\" style=\"text-align: center;\"><span class=\"s1\">Les fermes locales s\u2019unissent pour vous proposer <\/span><span class=\"s1\">un assortiment de leurs productions:<\/span><\/h2>\n<p>[\/vc_column_text][\/vc_column_inner][vc_column_inner width=\u00a0\u00bb1\/6&Prime;][\/vc_column_inner][\/vc_row_inner][vc_empty_space height=\u00a0\u00bb40px\u00a0\u00bb el_class=\u00a0\u00bbemptySpace_M\u00a0\u00bb][vc_row_inner][vc_column_inner width=\u00a0\u00bb1\/3&Prime;][vc_raw_html]JTNDdWwlMjBjbGFzcyUzRCUyMm5vcy1jYW1wYWduZXNfX2xpc3RlLXByb2R1aXRzJTIyJTNFJTBBJTNDbGklM0VGcm9tYWdlJTIwZGUlMjB2YWNoZSUzQyUyRmxpJTNFJTBBJTNDbGklM0VQYWluJTIwYXUlMjBsZXZhaW4lM0MlMkZsaSUzRSUwQSUzQ2xpJTNFQyVDMyVBOXIlQzMlQTlhbGVzJTIwZXQlMjAlQzMlQTlwaWNlcyUzQyUyRmxpJTNFJTBBJTNDJTJGdWwlM0U=[\/vc_raw_html][\/vc_column_inner][vc_column_inner width=\u00a0\u00bb1\/3&Prime;][vc_raw_html]JTNDdWwlMjBjbGFzcyUzRCUyMm5vcy1jYW1wYWduZXNfX2xpc3RlLXByb2R1aXRzJTIyJTNFJTBBJTNDbGklM0VWaWFuZGUlMjBkZSUyMFZlYXUlMjBldCUyMGRlJTIwQiVDNSU5M3VmJTNDJTJGbGklM0UlMEElM0NsaSUzRUwlQzMlQTlndW1lcyUyMGRlJTIwc2Fpc29uJTNDJTJGbGklM0UlMEElM0NsaSUzRVZpYW5kZSUyMGRlJTIwcG9yYyUzQyUyRmxpJTNFJTBBJTNDJTJGdWwlM0U=[\/vc_raw_html][\/vc_column_inner][vc_column_inner width=\u00a0\u00bb1\/3&Prime;][vc_raw_html]JTNDdWwlMjBjbGFzcyUzRCUyMm5vcy1jYW1wYWduZXNfX2xpc3RlLXByb2R1aXRzJTIyJTNFJTBBJTNDbGklM0VMJUMzJUE5Z3VtZXMlMjBzZWNzJTNDJTJGbGklM0UlMEElM0NsaSUzRVByb2R1aXRzJTIwbGFpdGllcnMlM0MlMkZsaSUzRSUwQSUzQ2xpJTNFSHVpbGVzJTNDJTJGbGklM0UlMEElM0MlMkZ1bCUzRQ==[\/vc_raw_html][\/vc_column_inner][\/vc_row_inner][vc_empty_space height=\u00a0\u00bb20px\u00a0\u00bb el_class=\u00a0\u00bbemptySpace_M\u00a0\u00bb][vc_row_inner el_id=\u00a0\u00bbnos-campagnes__bloc-prix\u00a0\u00bb][vc_column_inner][vc_column_text]<\/p>\n<h2 class=\"nos-campagnes__prix\" style=\"text-align: center;\">Panier hebdomadaire \u00e0 35\u20ac<\/h2>\n<p>[\/vc_column_text][vc_empty_space height=\u00a0\u00bb20px\u00a0\u00bb el_class=\u00a0\u00bbemptySpace_M\u00a0\u00bb][vc_column_text]<\/p>\n<p style=\"text-align: center;\">Si vous \u00eates int\u00e9ress\u00e9, \u00e9crivez-nous \u00e0: <strong class=\"nos-contacts__email\">contact@noscampagnes.fr<\/strong><\/p>\n<p>[\/vc_column_text][\/vc_column_inner][\/vc_row_inner][\/vc_column][\/vc_row][vc_row][vc_column][vc_empty_space height=\u00a0\u00bb80px\u00a0\u00bb el_class=\u00a0\u00bbemptySpace_L\u00a0\u00bb][\/vc_column][\/vc_row]<\/p>\n","protected":false},"excerpt":{"rendered":"<p>[vc_row el_id=\u00a0\u00bbhome__mainHead\u00a0\u00bb][vc_column][vc_empty_space height=\u00a0\u00bb80px\u00a0\u00bb][vc_row_inner][vc_column_inner width=\u00a0\u00bb1\/4&Prime;][\/vc_column_inner][vc_column_inner el_class=\u00a0\u00bbhome__welcome-text\u00a0\u00bb width=\u00a0\u00bb1\/2&Prime;][vc_column_text] Bonjour \u00e0 tous! Nous vous souhaitons un bel \u00e9t\u00e9 ensoleill\u00e9 et fleuri! [\/vc_column_text][vc_empty_space height=\u00a0\u00bb40px\u00a0\u00bb][vc_column_text] Les Serres sont ouvertes: le lundi, mardi, jeudi, vendredi et samedi, De 9h \u00e0 12h et de 14h \u00e0 18h [\/vc_column_text][vc_empty_space height=\u00a0\u00bb40px\u00a0\u00bb][vc_column_text] Nous sommes ferm\u00e9s le mercredi et le dimanche [\/vc_column_text][vc_empty_space height=\u00a0\u00bb40px\u00a0\u00bb][\/vc_column_inner][vc_column_inner width=\u00a0\u00bb1\/4&Prime;][\/vc_column_inner][\/vc_row_inner][vc_empty_space height=\u00a0\u00bb80px\u00a0\u00bb][vc_empty_space height=\u00a0\u00bb80px\u00a0\u00bb][\/vc_column][\/vc_row][vc_row&hellip; <a class=\"read-more-link\" href=\"https:\/\/champsgalottes.fr\/\">Read More<\/a><\/p>\n","protected":false},"author":1,"featured_media":0,"parent":0,"menu_order":0,"comment_status":"closed","ping_status":"open","template":"page-templates\/home.php","meta":[],"_links":{"self":[{"href":"https:\/\/champsgalottes.fr\/index.php\/wp-json\/wp\/v2\/pages\/212"}],"collection":[{"href":"https:\/\/champsgalottes.fr\/index.php\/wp-json\/wp\/v2\/pages"}],"about":[{"href":"https:\/\/champsgalottes.fr\/index.php\/wp-json\/wp\/v2\/types\/page"}],"author":[{"embeddable":true,"href":"https:\/\/champsgalottes.fr\/index.php\/wp-json\/wp\/v2\/users\/1"}],"replies":[{"embeddable":true,"href":"https:\/\/champsgalottes.fr\/index.php\/wp-json\/wp\/v2\/comments?post=212"}],"version-history":[{"count":121,"href":"https:\/\/champsgalottes.fr\/index.php\/wp-json\/wp\/v2\/pages\/212\/revisions"}],"predecessor-version":[{"id":13261,"href":"https:\/\/champsgalottes.fr\/index.php\/wp-json\/wp\/v2\/pages\/212\/revisions\/13261"}],"wp:attachment":[{"href":"https:\/\/champsgalottes.fr\/index.php\/wp-json\/wp\/v2\/media?parent=212"}],"curies":[{"name":"wp","href":"https:\/\/api.w.org\/{rel}","templated":true}]}}