{"id":476,"date":"2012-10-22T12:16:48","date_gmt":"2012-10-22T12:16:48","guid":{"rendered":"http:\/\/template-demos.com\/wp\/WP01\/WP010005\/?page_id=10"},"modified":"2023-06-29T17:01:04","modified_gmt":"2023-06-29T15:01:04","slug":"info","status":"publish","type":"page","link":"https:\/\/champsgalottes.fr\/index.php\/info\/","title":{"rendered":"Info"},"content":{"rendered":"<p>[vc_row][vc_column width=\u00a0\u00bb1\/6&Prime;][\/vc_column][vc_column width=\u00a0\u00bb2\/3&Prime;][vc_column_text]Ch\u00e8rs clients, ch\u00e8res clientes&#8230;<\/p>\n<p>&nbsp;<\/p>\n<p>Les serres sont d\u00e9sormais ouvertes au public:<br \/>\n<strong>Le lundi, mardi, jeudi, vendredi, samedi,<\/strong><br \/>\n<strong>de 9h \u00e0 12h et de 14h \u00e0 18h.<\/strong><\/p>\n<p><strong>Nous sommes ferm\u00e9s le mercredi et le dimanche<\/strong>[\/vc_column_text][vc_empty_space height=\u00a0\u00bb20px\u00a0\u00bb][vc_column_text]Tr\u00e8s cordialement,<\/p>\n<p>Johann[\/vc_column_text][vc_empty_space height=\u00a0\u00bb80px\u00a0\u00bb]<div class=\"address-container hb-animate-element right-to-left\"><div class=\"address-text first\"><div class=\"address-text-inner\"><div class=\"icon\"><i class=\"fa fa-map-marker\"><\/i><\/div> <div class=\"content\"><div class=\"address-label\">Adresse:<\/div>Route de Champs 89530 SAINT BRIS LE VINEUX<\/div> <\/div><\/div><div class=\"address-text second\"><div class=\"address-text-inner\"><div class=\"icon\"><i class=\"fa fa-phone\"><\/i><\/div> <div class=\"content\"><div class=\"address-label\">Phone:<\/div>+ 06 58 92 84 28<\/div> <\/div><\/div><\/div>[vc_gmaps link=\u00a0\u00bb#E-8_JTNDaWZyYW1lJTIwc3JjJTNEJTIyaHR0cHMlM0ElMkYlMkZ3d3cuZ29vZ2xlLmNvbSUyRm1hcHMlMkZlbWJlZCUzRnBiJTNEJTIxMW0xOCUyMTFtMTIlMjExbTMlMjExZDI2ODMuMDY5NzM5MjU2Mzc5JTIxMmQzLjYwMzQ0NjMxNTYzMDE5ODMlMjEzZDQ3Ljc0MTMwMTU3OTE5MzgzJTIxMm0zJTIxMWYwJTIxMmYwJTIxM2YwJTIxM20yJTIxMWkxMDI0JTIxMmk3NjglMjE0ZjEzLjElMjEzbTMlMjExbTIlMjExczB4NDdlZTQ3Y2U3YTU3MTcxNSUyNTNBMHg5YWI4NTllMmY0YzQ3MSUyMTJzTGVzJTI1MjBDaGFtcHMlMjUyMEdhbG90dGVzJTI1MkMlMjUyMDg5NTMwJTI1MjBTYWludC1CcmlzLWxlLVZpbmV1eCUyMTVlMCUyMTNtMiUyMTFzZW4lMjEyc2ZyJTIxNHYxNTg1NDk5Nzg2NTUxJTIxNW0yJTIxMXNlbiUyMTJzZnIlMjIlMjB3aWR0aCUzRCUyMjYwMCUyMiUyMGhlaWdodCUzRCUyMjQ1MCUyMiUyMGZyYW1lYm9yZGVyJTNEJTIyMCUyMiUyMHN0eWxlJTNEJTIyYm9yZGVyJTNBMCUzQiUyMiUyMGFsbG93ZnVsbHNjcmVlbiUzRCUyMiUyMiUyMGFyaWEtaGlkZGVuJTNEJTIyZmFsc2UlMjIlMjB0YWJpbmRleCUzRCUyMjAlMjIlM0UlM0MlMkZpZnJhbWUlM0U=\u00a0\u00bb el_class=\u00a0\u00bbgoogle-map\u00a0\u00bb][\/vc_column][vc_column width=\u00a0\u00bb1\/6&Prime;][\/vc_column][\/vc_row][vc_row css=\u00a0\u00bb.vc_custom_1539688437733{margin-bottom: 70px !important;}\u00a0\u00bb][vc_column][vc_row_inner el_class=\u00a0\u00bbcontent-main-other\u00a0\u00bb][vc_column_inner el_class=\u00a0\u00bbcontact-address-right\u00a0\u00bb width=\u00a0\u00bb1\/3&Prime;][\/vc_column_inner][vc_column_inner width=\u00a0\u00bb2\/3&Prime;][\/vc_column_inner][\/vc_row_inner][\/vc_column][\/vc_row]<\/p>\n","protected":false},"excerpt":{"rendered":"<p>[vc_row][vc_column width=\u00a0\u00bb1\/6&Prime;][\/vc_column][vc_column width=\u00a0\u00bb2\/3&Prime;][vc_column_text]Ch\u00e8rs clients, ch\u00e8res clientes&#8230; &nbsp; Les serres sont d\u00e9sormais ouvertes au public: Le lundi, mardi, jeudi, vendredi, samedi, de 9h \u00e0 12h et de 14h \u00e0 18h. Nous sommes ferm\u00e9s le mercredi et le dimanche[\/vc_column_text][vc_empty_space height=\u00a0\u00bb20px\u00a0\u00bb][vc_column_text]Tr\u00e8s cordialement, Johann[\/vc_column_text][vc_empty_space height=\u00a0\u00bb80px\u00a0\u00bb][vc_gmaps link=\u00a0\u00bb#E-8_JTNDaWZyYW1lJTIwc3JjJTNEJTIyaHR0cHMlM0ElMkYlMkZ3d3cuZ29vZ2xlLmNvbSUyRm1hcHMlMkZlbWJlZCUzRnBiJTNEJTIxMW0xOCUyMTFtMTIlMjExbTMlMjExZDI2ODMuMDY5NzM5MjU2Mzc5JTIxMmQzLjYwMzQ0NjMxNTYzMDE5ODMlMjEzZDQ3Ljc0MTMwMTU3OTE5MzgzJTIxMm0zJTIxMWYwJTIxMmYwJTIxM2YwJTIxM20yJTIxMWkxMDI0JTIxMmk3NjglMjE0ZjEzLjElMjEzbTMlMjExbTIlMjExczB4NDdlZTQ3Y2U3YTU3MTcxNSUyNTNBMHg5YWI4NTllMmY0YzQ3MSUyMTJzTGVzJTI1MjBDaGFtcHMlMjUyMEdhbG90dGVzJTI1MkMlMjUyMDg5NTMwJTI1MjBTYWludC1CcmlzLWxlLVZpbmV1eCUyMTVlMCUyMTNtMiUyMTFzZW4lMjEyc2ZyJTIxNHYxNTg1NDk5Nzg2NTUxJTIxNW0yJTIxMXNlbiUyMTJzZnIlMjIlMjB3aWR0aCUzRCUyMjYwMCUyMiUyMGhlaWdodCUzRCUyMjQ1MCUyMiUyMGZyYW1lYm9yZGVyJTNEJTIyMCUyMiUyMHN0eWxlJTNEJTIyYm9yZGVyJTNBMCUzQiUyMiUyMGFsbG93ZnVsbHNjcmVlbiUzRCUyMiUyMiUyMGFyaWEtaGlkZGVuJTNEJTIyZmFsc2UlMjIlMjB0YWJpbmRleCUzRCUyMjAlMjIlM0UlM0MlMkZpZnJhbWUlM0U=\u00a0\u00bb el_class=\u00a0\u00bbgoogle-map\u00a0\u00bb][\/vc_column][vc_column width=\u00a0\u00bb1\/6&Prime;][\/vc_column][\/vc_row][vc_row css=\u00a0\u00bb.vc_custom_1539688437733{margin-bottom: 70px !important;}\u00a0\u00bb][vc_column][vc_row_inner el_class=\u00a0\u00bbcontent-main-other\u00a0\u00bb][vc_column_inner el_class=\u00a0\u00bbcontact-address-right\u00a0\u00bb width=\u00a0\u00bb1\/3&Prime;][\/vc_column_inner][vc_column_inner width=\u00a0\u00bb2\/3&Prime;][\/vc_column_inner][\/vc_row_inner][\/vc_column][\/vc_row]<\/p>\n","protected":false},"author":1,"featured_media":0,"parent":0,"menu_order":0,"comment_status":"closed","ping_status":"closed","template":"","meta":[],"_links":{"self":[{"href":"https:\/\/champsgalottes.fr\/index.php\/wp-json\/wp\/v2\/pages\/476"}],"collection":[{"href":"https:\/\/champsgalottes.fr\/index.php\/wp-json\/wp\/v2\/pages"}],"about":[{"href":"https:\/\/champsgalottes.fr\/index.php\/wp-json\/wp\/v2\/types\/page"}],"author":[{"embeddable":true,"href":"https:\/\/champsgalottes.fr\/index.php\/wp-json\/wp\/v2\/users\/1"}],"replies":[{"embeddable":true,"href":"https:\/\/champsgalottes.fr\/index.php\/wp-json\/wp\/v2\/comments?post=476"}],"version-history":[{"count":24,"href":"https:\/\/champsgalottes.fr\/index.php\/wp-json\/wp\/v2\/pages\/476\/revisions"}],"predecessor-version":[{"id":13262,"href":"https:\/\/champsgalottes.fr\/index.php\/wp-json\/wp\/v2\/pages\/476\/revisions\/13262"}],"wp:attachment":[{"href":"https:\/\/champsgalottes.fr\/index.php\/wp-json\/wp\/v2\/media?parent=476"}],"curies":[{"name":"wp","href":"https:\/\/api.w.org\/{rel}","templated":true}]}}