{"id":10251,"date":"2020-04-14T16:31:55","date_gmt":"2020-04-14T14:31:55","guid":{"rendered":"http:\/\/champsgalottes.fr\/?post_type=product&#038;p=10251"},"modified":"2021-03-21T20:58:52","modified_gmt":"2021-03-21T19:58:52","slug":"surfinia-pot-de-10","status":"publish","type":"product","link":"https:\/\/champsgalottes.fr\/index.php\/product\/surfinia-pot-de-10\/","title":{"rendered":"Surfinia, pot de 10,5"},"content":{"rendered":"<p><b>Description sommaire\u00a0:\u00a0\u00a0<\/b><span style=\"font-weight: 400;\">Retombante 80 cm environ.<\/span><\/p>\n<p>&nbsp;<\/p>\n<p><b>Exigences climatiques\u00a0:\u00a0<\/b><span style=\"font-weight: 400;\">Soleil ou mi-ombre.<\/span><b>\u00a0<\/b><\/p>\n<p>&nbsp;<\/p>\n<p><b>Exigences hygrom\u00e9triques\u00a0:\u00a0<\/b><span style=\"font-weight: 400;\">Arrosage quotidien.<\/span><\/p>\n<p>&nbsp;<\/p>\n<p><b>Engrais\u00a0:\u00a0<\/b><span style=\"font-weight: 400;\">2 fois par semaine<\/span><\/p>\n","protected":false},"excerpt":{"rendered":"<ul>\n<li><strong>Bleu<\/strong><\/li>\n<li><strong>Burgundy wine<\/strong> (superbe coloris bordeaux)<\/li>\n<li><strong>Hot red<\/strong> (rouge intense)<\/li>\n<li><strong>Purple<\/strong> (photo principale | pourpre intense!)<\/li>\n<li><strong>Purple vein<\/strong> (Fleur moyenne, violet clair vein\u00e9)<\/li>\n<li><strong>Rose vein<\/strong> (Fleur moyenne, rose clair vein\u00e9)<\/li>\n<li><strong>Giant blue<\/strong> (Grosse fleur bleue)<\/li>\n<li><strong>Giant purple<\/strong> (Fleur g\u00e9ante pourpre)<\/li>\n<li><strong>P\u00e9tunia retombant Ray white<\/strong> (blanc)<\/li>\n<\/ul>\n<p>&nbsp;<\/p>\n<p><em>S\u00e9lectionnez la vari\u00e9t\u00e9 pour afficher l\u2019image correspondante (au dessus du bouton \u201cAjouter au panier\u201d)<\/em><\/p>\n","protected":false},"featured_media":9092,"template":"","meta":[],"_links":{"self":[{"href":"https:\/\/champsgalottes.fr\/index.php\/wp-json\/wp\/v2\/product\/10251"}],"collection":[{"href":"https:\/\/champsgalottes.fr\/index.php\/wp-json\/wp\/v2\/product"}],"about":[{"href":"https:\/\/champsgalottes.fr\/index.php\/wp-json\/wp\/v2\/types\/product"}],"wp:featuredmedia":[{"embeddable":true,"href":"https:\/\/champsgalottes.fr\/index.php\/wp-json\/wp\/v2\/media\/9092"}],"wp:attachment":[{"href":"https:\/\/champsgalottes.fr\/index.php\/wp-json\/wp\/v2\/media?parent=10251"}],"curies":[{"name":"wp","href":"https:\/\/api.w.org\/{rel}","templated":true}]}}