{"id":10812,"date":"2020-04-17T15:33:54","date_gmt":"2020-04-17T13:33:54","guid":{"rendered":"http:\/\/champsgalottes.fr\/?post_type=product&#038;p=10812"},"modified":"2021-03-22T10:35:10","modified_gmt":"2021-03-22T09:35:10","slug":"tomate-plant-greffe","status":"publish","type":"product","link":"https:\/\/champsgalottes.fr\/index.php\/product\/tomate-plant-greffe\/","title":{"rendered":"Plant de tomates greff\u00e9 (6 vari\u00e9t\u00e9s)"},"content":{"rendered":"<p>Besoin d\u2019un conseil? Appelez-nous au\u00a006 71 93 81 60<\/p>\n","protected":false},"excerpt":{"rendered":"<p><strong>Vari\u00e9t\u00e9s disponibles:<\/strong><\/p>\n<ul>\n<li>Grappe F1<\/li>\n<li>Felicia F1<\/li>\n<li>Grappelina F1<\/li>\n<li>Beffallosun F1<\/li>\n<li>Buffalo Steak F1<\/li>\n<li>Bellandine F1<\/li>\n<li>Gourmandia F1<\/li>\n<li>Tomate Trilly F1<\/li>\n<\/ul>\n","protected":false},"featured_media":12182,"template":"","meta":[],"_links":{"self":[{"href":"https:\/\/champsgalottes.fr\/index.php\/wp-json\/wp\/v2\/product\/10812"}],"collection":[{"href":"https:\/\/champsgalottes.fr\/index.php\/wp-json\/wp\/v2\/product"}],"about":[{"href":"https:\/\/champsgalottes.fr\/index.php\/wp-json\/wp\/v2\/types\/product"}],"wp:featuredmedia":[{"embeddable":true,"href":"https:\/\/champsgalottes.fr\/index.php\/wp-json\/wp\/v2\/media\/12182"}],"wp:attachment":[{"href":"https:\/\/champsgalottes.fr\/index.php\/wp-json\/wp\/v2\/media?parent=10812"}],"curies":[{"name":"wp","href":"https:\/\/api.w.org\/{rel}","templated":true}]}}