{"id":10996,"date":"2020-04-18T09:37:08","date_gmt":"2020-04-18T07:37:08","guid":{"rendered":"http:\/\/champsgalottes.fr\/?post_type=product&#038;p=10996"},"modified":"2021-03-21T19:14:01","modified_gmt":"2021-03-21T18:14:01","slug":"fuchsia-droit-a-fleurs-simples","status":"publish","type":"product","link":"https:\/\/champsgalottes.fr\/index.php\/product\/fuchsia-droit-a-fleurs-simples\/","title":{"rendered":"Fuchsia droit \u00e0 fleurs simples"},"content":{"rendered":"<p>Besoin d\u2019un conseil? Appelez-nous au\u00a006 71 93 81 60<\/p>\n","protected":false},"excerpt":{"rendered":"<ul>\n<li><strong>Arc-en-ciel<\/strong> (rouge et violet | ramifi\u00e9e et vigoureuse)<\/li>\n<li><strong>Beacon rose<\/strong> (couleur rose vif)<\/li>\n<li><strong>Fugens<\/strong> (rouge orang\u00e9 | longue fleur et feuillage fonc\u00e9)<\/li>\n<li><strong>Miss California<\/strong> (photo principale | rose et blanche \u00e0 port semi-retombant)<\/li>\n<li><strong>Sunbeam Ernie<\/strong> (pr\u00e9coce, belle fleur rouge et blanche)<\/li>\n<\/ul>\n<p>&nbsp;<\/p>\n<p><em>S\u00e9lectionnez la vari\u00e9t\u00e9 pour afficher l\u2019image correspondante (au dessus du bouton \u201cAjouter au panier\u201d)<\/em><\/p>\n","protected":false},"featured_media":11049,"template":"","meta":[],"_links":{"self":[{"href":"https:\/\/champsgalottes.fr\/index.php\/wp-json\/wp\/v2\/product\/10996"}],"collection":[{"href":"https:\/\/champsgalottes.fr\/index.php\/wp-json\/wp\/v2\/product"}],"about":[{"href":"https:\/\/champsgalottes.fr\/index.php\/wp-json\/wp\/v2\/types\/product"}],"wp:featuredmedia":[{"embeddable":true,"href":"https:\/\/champsgalottes.fr\/index.php\/wp-json\/wp\/v2\/media\/11049"}],"wp:attachment":[{"href":"https:\/\/champsgalottes.fr\/index.php\/wp-json\/wp\/v2\/media?parent=10996"}],"curies":[{"name":"wp","href":"https:\/\/api.w.org\/{rel}","templated":true}]}}