{"id":8675,"date":"2020-04-01T17:50:37","date_gmt":"2020-04-01T15:50:37","guid":{"rendered":"http:\/\/champsgalottes.fr\/?post_type=product&#038;p=8675"},"modified":"2021-03-21T20:45:35","modified_gmt":"2021-03-21T19:45:35","slug":"ipomee","status":"publish","type":"product","link":"https:\/\/champsgalottes.fr\/index.php\/product\/ipomee\/","title":{"rendered":"Ipom\u00e9e"},"content":{"rendered":"<p><span style=\"font-weight: 400;\">Plante semi-retombante<\/span><\/p>\n<p>&nbsp;<\/p>\n<p><b>Exigences climatiques :\u00a0<\/b><span style=\"font-weight: 400;\">mi-ombre, soleil<\/span><\/p>\n","protected":false},"excerpt":{"rendered":"<ul>\n<li><strong>Black heart<\/strong> (feuille pourpre en forme de c\u0153ur)<\/li>\n<li><strong>Terrace lime<\/strong> (feuille vert-jaune)<\/li>\n<li><strong>Tricolore<\/strong> (feuille rose, blanche et verte)<\/li>\n<\/ul>\n<p>&nbsp;<\/p>\n<p><em>S\u00e9lectionnez la vari\u00e9t\u00e9 pour afficher l\u2019image correspondante (au dessus du bouton \u201cAjouter au panier\u201d)<\/em><\/p>\n","protected":false},"featured_media":9172,"template":"","meta":[],"_links":{"self":[{"href":"https:\/\/champsgalottes.fr\/index.php\/wp-json\/wp\/v2\/product\/8675"}],"collection":[{"href":"https:\/\/champsgalottes.fr\/index.php\/wp-json\/wp\/v2\/product"}],"about":[{"href":"https:\/\/champsgalottes.fr\/index.php\/wp-json\/wp\/v2\/types\/product"}],"wp:featuredmedia":[{"embeddable":true,"href":"https:\/\/champsgalottes.fr\/index.php\/wp-json\/wp\/v2\/media\/9172"}],"wp:attachment":[{"href":"https:\/\/champsgalottes.fr\/index.php\/wp-json\/wp\/v2\/media?parent=8675"}],"curies":[{"name":"wp","href":"https:\/\/api.w.org\/{rel}","templated":true}]}}