{"id":8881,"date":"2020-04-13T14:09:48","date_gmt":"2020-04-13T12:09:48","guid":{"rendered":"http:\/\/champsgalottes.fr\/?post_type=product&#038;p=8881"},"modified":"2021-03-21T19:44:34","modified_gmt":"2021-03-21T18:44:34","slug":"geranium-zonale","status":"publish","type":"product","link":"https:\/\/champsgalottes.fr\/index.php\/product\/geranium-zonale\/","title":{"rendered":"G\u00e9ranium Zonale collection"},"content":{"rendered":"<h3><b>\u00ab\u00a0Mrs Pollock\u00a0\u00bb<\/b><\/h3>\n<p><span style=\"font-weight: 400;\">Il ne s\u2019agit pas seulement d\u2019une plante fleurie, mais elle est \u00e9galement tr\u00e8s d\u00e9corative par son feuillage color\u00e9, ces feuilles sont vert-blanc-rouge\u00a0<\/span><\/p>\n<p><b>Exigences climatiques\u00a0:\u00a0<\/b><span style=\"font-weight: 400;\">Soleil, mi-ombre<\/span><\/p>\n<p>&nbsp;<\/p>\n<h3><b>\u00ab Occold Shield \u00bb<\/b><\/h3>\n<p><span style=\"font-weight: 400;\">Feuillage d\u00e9coratif dor\u00e9 vif centre brun, port touffe un peu \u00e9tal\u00e9. Floraison abondante<\/span><\/p>\n<p><b>Exigences climatiques\u00a0:\u00a0<\/b><span style=\"font-weight: 400;\">Soleil, mi-ombre<\/span><\/p>\n<p>&nbsp;<\/p>\n<h3><b>\u00ab Vancouver Centennial \u00bb<\/b><\/h3>\n<p><span style=\"font-weight: 400;\">Tr\u00e8s int\u00e9ressant pour son feuillage lumineux, tr\u00e8s ramifi\u00e9 et touffu proche de la feuille d\u2019\u00e9rable, les fleurs en formes d\u2019\u00e9toiles sont de couleur vermillon.<\/span><\/p>\n<p><b>Exigences climatiques\u00a0:\u00a0<\/b><span style=\"font-weight: 400;\">Soleil, mi-ombre<\/span><\/p>\n","protected":false},"excerpt":{"rendered":"<p><strong>3 vari\u00e9t\u00e9s disponibles<\/strong>:<\/p>\n<ul>\n<li>Mrs Pollock (en rupture)<\/li>\n<li>Occold Shield<\/li>\n<li>Vancouver Centennial<\/li>\n<\/ul>\n<p>&nbsp;<\/p>\n<p><em>Veuillez choisir le type avant l&rsquo;ajout au panier<\/em><\/p>\n","protected":false},"featured_media":8880,"template":"","meta":[],"_links":{"self":[{"href":"https:\/\/champsgalottes.fr\/index.php\/wp-json\/wp\/v2\/product\/8881"}],"collection":[{"href":"https:\/\/champsgalottes.fr\/index.php\/wp-json\/wp\/v2\/product"}],"about":[{"href":"https:\/\/champsgalottes.fr\/index.php\/wp-json\/wp\/v2\/types\/product"}],"wp:featuredmedia":[{"embeddable":true,"href":"https:\/\/champsgalottes.fr\/index.php\/wp-json\/wp\/v2\/media\/8880"}],"wp:attachment":[{"href":"https:\/\/champsgalottes.fr\/index.php\/wp-json\/wp\/v2\/media?parent=8881"}],"curies":[{"name":"wp","href":"https:\/\/api.w.org\/{rel}","templated":true}]}}