{"id":9002,"date":"2020-04-01T14:21:35","date_gmt":"2020-04-01T12:21:35","guid":{"rendered":"http:\/\/champsgalottes.fr\/?post_type=product&#038;p=9002"},"modified":"2021-03-21T19:42:37","modified_gmt":"2021-03-21T18:42:37","slug":"scaevola","status":"publish","type":"product","link":"https:\/\/champsgalottes.fr\/index.php\/product\/scaevola\/","title":{"rendered":"Scaevola"},"content":{"rendered":"<p><span style=\"font-weight: 400;\">Fleurit du printemps \u00e0 l\u2019automne, facile \u00e0 cultiver et peut \u00eatre associ\u00e9 \u00e0 diverses plantes\u00a0<\/span><\/p>\n<p><span style=\"font-weight: 400;\">Port retombant.<\/span><\/p>\n<p>&nbsp;<\/p>\n<p><b>Exigences climatiques\u00a0:\u00a0<\/b><span style=\"font-weight: 400;\">Soleil, mi-ombre.<\/span><\/p>\n","protected":false},"excerpt":{"rendered":"<p><strong>Couleurs disponibles<\/strong>:<\/p>\n<ul>\n<li>Pearl (blanc)<\/li>\n<li>Saphira (bleu &#8211; image principale)<\/li>\n<li>Topaz pink (rose)<\/li>\n<\/ul>\n","protected":false},"featured_media":9008,"template":"","meta":[],"_links":{"self":[{"href":"https:\/\/champsgalottes.fr\/index.php\/wp-json\/wp\/v2\/product\/9002"}],"collection":[{"href":"https:\/\/champsgalottes.fr\/index.php\/wp-json\/wp\/v2\/product"}],"about":[{"href":"https:\/\/champsgalottes.fr\/index.php\/wp-json\/wp\/v2\/types\/product"}],"wp:featuredmedia":[{"embeddable":true,"href":"https:\/\/champsgalottes.fr\/index.php\/wp-json\/wp\/v2\/media\/9008"}],"wp:attachment":[{"href":"https:\/\/champsgalottes.fr\/index.php\/wp-json\/wp\/v2\/media?parent=9002"}],"curies":[{"name":"wp","href":"https:\/\/api.w.org\/{rel}","templated":true}]}}