{"id":9050,"date":"2020-04-13T15:34:59","date_gmt":"2020-04-13T13:34:59","guid":{"rendered":"http:\/\/champsgalottes.fr\/?post_type=product&#038;p=9050"},"modified":"2021-03-21T19:44:14","modified_gmt":"2021-03-21T18:44:14","slug":"geranium-zonale-2","status":"publish","type":"product","link":"https:\/\/champsgalottes.fr\/index.php\/product\/geranium-zonale-2\/","title":{"rendered":"G\u00e9ranium Zonale"},"content":{"rendered":"<p>Besoin d\u2019un conseil? Appelez-nous au\u00a006 71 93 81 60<\/p>\n","protected":false},"excerpt":{"rendered":"<ul>\n<li><strong>Glacis<\/strong> (blanc compact)<\/li>\n<li><strong>Ice crystal<\/strong> (rose pale, c\u0153ur rose fuchsia)<\/li>\n<li><strong>\u00cele de Beaut\u00e9<\/strong> (superbe coloris saumon)<\/li>\n<li><strong>Joigny<\/strong> (rose fuchsia)<\/li>\n<li><strong>Mosaic pink<\/strong> (rose t\u00e2ch\u00e9 de blanc)<\/li>\n<li><strong>Mosaic red<\/strong> (rouge t\u00e2ch\u00e9 de blanc)<\/li>\n<li><strong>Oleron<\/strong> (le rouge de r\u00e9f\u00e9rence)<\/li>\n<li><strong>Paimpol<\/strong> (Blanche c\u0153ur rouge, tr\u00e8s florif\u00e8re)<\/li>\n<li><strong>Plougastel<\/strong> (rouge fonc\u00e9, feuilles bien zon\u00e9es)<\/li>\n<li><strong>Shocking violet<\/strong> (violet, couleur \u00e9clatante)<\/li>\n<\/ul>\n<p>&nbsp;<\/p>\n<p><em>S\u00e9lectionnez la vari\u00e9t\u00e9 pour afficher l\u2019image correspondante (au dessus du bouton \u201cAjouter au panier\u201d)<\/em><\/p>\n","protected":false},"featured_media":10706,"template":"","meta":[],"_links":{"self":[{"href":"https:\/\/champsgalottes.fr\/index.php\/wp-json\/wp\/v2\/product\/9050"}],"collection":[{"href":"https:\/\/champsgalottes.fr\/index.php\/wp-json\/wp\/v2\/product"}],"about":[{"href":"https:\/\/champsgalottes.fr\/index.php\/wp-json\/wp\/v2\/types\/product"}],"wp:featuredmedia":[{"embeddable":true,"href":"https:\/\/champsgalottes.fr\/index.php\/wp-json\/wp\/v2\/media\/10706"}],"wp:attachment":[{"href":"https:\/\/champsgalottes.fr\/index.php\/wp-json\/wp\/v2\/media?parent=9050"}],"curies":[{"name":"wp","href":"https:\/\/api.w.org\/{rel}","templated":true}]}}