{"id":9155,"date":"2020-04-21T18:34:06","date_gmt":"2020-04-21T16:34:06","guid":{"rendered":"http:\/\/champsgalottes.fr\/?post_type=product&#038;p=9155"},"modified":"2021-03-22T09:56:53","modified_gmt":"2021-03-22T08:56:53","slug":"begonia-big","status":"publish","type":"product","link":"https:\/\/champsgalottes.fr\/index.php\/product\/begonia-big\/","title":{"rendered":"B\u00e9gonia Big"},"content":{"rendered":"<p><span style=\"font-weight: 400;\">Plantes \u00e0 port plus droit que son fr\u00e8re le b\u00e9gonia dragon Wing mais reste aussi volumineux.<\/span><\/p>\n<p>&nbsp;<\/p>\n<p><b>Exigences climatiques\u00a0:\u00a0<\/b><span style=\"font-weight: 400;\">Soleil, \u00e9ventuellement mi-ombre.<\/span><b>\u00a0<\/b><\/p>\n<p><span style=\"font-weight: 400;\">Peu gourmand en eau et en engrais<\/span><\/p>\n<p>&nbsp;<\/p>\n<p><b>Distance de plantation\u00a0:\u00a0<\/b><span style=\"font-weight: 400;\">Environ 40 cm.<\/span><\/p>\n","protected":false},"excerpt":{"rendered":"<ul>\n<li>Fleurs roses, feuilles rouges<\/li>\n<li>Fleurs rouges, feuilles rouges<\/li>\n<li>Fleurs rouges, feuilles vertes<\/li>\n<\/ul>\n<p>&nbsp;<\/p>\n<p><em>S\u00e9lectionnez la vari\u00e9t\u00e9 pour afficher l\u2019image correspondante (au dessus du bouton \u201cAjouter au panier\u201d)<\/em><\/p>\n","protected":false},"featured_media":9159,"template":"","meta":[],"_links":{"self":[{"href":"https:\/\/champsgalottes.fr\/index.php\/wp-json\/wp\/v2\/product\/9155"}],"collection":[{"href":"https:\/\/champsgalottes.fr\/index.php\/wp-json\/wp\/v2\/product"}],"about":[{"href":"https:\/\/champsgalottes.fr\/index.php\/wp-json\/wp\/v2\/types\/product"}],"wp:featuredmedia":[{"embeddable":true,"href":"https:\/\/champsgalottes.fr\/index.php\/wp-json\/wp\/v2\/media\/9159"}],"wp:attachment":[{"href":"https:\/\/champsgalottes.fr\/index.php\/wp-json\/wp\/v2\/media?parent=9155"}],"curies":[{"name":"wp","href":"https:\/\/api.w.org\/{rel}","templated":true}]}}