{"id":9164,"date":"2020-04-01T18:42:19","date_gmt":"2020-04-01T16:42:19","guid":{"rendered":"http:\/\/champsgalottes.fr\/?post_type=product&#038;p=9164"},"modified":"2021-03-21T20:44:34","modified_gmt":"2021-03-21T19:44:34","slug":"dianthus-garden","status":"publish","type":"product","link":"https:\/\/champsgalottes.fr\/index.php\/product\/dianthus-garden\/","title":{"rendered":"Dianthus Garden"},"content":{"rendered":"<p><span style=\"font-weight: 400;\">Plante vivace, compact \u00e0 fleur simple, rose intense. Belle floraison de fin f\u00e9vrier aux gel\u00e9es.<\/span><\/p>\n<p><span style=\"font-weight: 400;\">Hauteur environ 20 cm<\/span><\/p>\n<p>&nbsp;<\/p>\n<p><b>Exigences climatiques\u00a0:\u00a0<\/b><span style=\"font-weight: 400;\">Soleil, mi-ombre.<\/span><\/p>\n","protected":false},"excerpt":{"rendered":"<p>Couleur rose<\/p>\n","protected":false},"featured_media":9165,"template":"","meta":[],"_links":{"self":[{"href":"https:\/\/champsgalottes.fr\/index.php\/wp-json\/wp\/v2\/product\/9164"}],"collection":[{"href":"https:\/\/champsgalottes.fr\/index.php\/wp-json\/wp\/v2\/product"}],"about":[{"href":"https:\/\/champsgalottes.fr\/index.php\/wp-json\/wp\/v2\/types\/product"}],"wp:featuredmedia":[{"embeddable":true,"href":"https:\/\/champsgalottes.fr\/index.php\/wp-json\/wp\/v2\/media\/9165"}],"wp:attachment":[{"href":"https:\/\/champsgalottes.fr\/index.php\/wp-json\/wp\/v2\/media?parent=9164"}],"curies":[{"name":"wp","href":"https:\/\/api.w.org\/{rel}","templated":true}]}}