{"id":9178,"date":"2020-04-02T10:46:51","date_gmt":"2020-04-02T08:46:51","guid":{"rendered":"http:\/\/champsgalottes.fr\/?post_type=product&#038;p=9178"},"modified":"2021-03-21T20:46:46","modified_gmt":"2021-03-21T19:46:46","slug":"osteospermum","status":"publish","type":"product","link":"https:\/\/champsgalottes.fr\/index.php\/product\/osteospermum\/","title":{"rendered":"Osteospermum"},"content":{"rendered":"<p>Besoin d\u2019un conseil? Appelez-nous au\u00a006 71 93 81 60<\/p>\n","protected":false},"excerpt":{"rendered":"<ul>\n<li><strong>Dixie<\/strong> (rouge)<\/li>\n<li><strong>Mary<\/strong> (violet volumineux)<\/li>\n<li><strong>Victoria<\/strong> (blanc)<\/li>\n<\/ul>\n<p>&nbsp;<\/p>\n<p><em>S\u00e9lectionnez la vari\u00e9t\u00e9 pour afficher l\u2019image correspondante (au dessus du bouton \u201cAjouter au panier\u201d)<\/em><\/p>\n","protected":false},"featured_media":9183,"template":"","meta":[],"_links":{"self":[{"href":"https:\/\/champsgalottes.fr\/index.php\/wp-json\/wp\/v2\/product\/9178"}],"collection":[{"href":"https:\/\/champsgalottes.fr\/index.php\/wp-json\/wp\/v2\/product"}],"about":[{"href":"https:\/\/champsgalottes.fr\/index.php\/wp-json\/wp\/v2\/types\/product"}],"wp:featuredmedia":[{"embeddable":true,"href":"https:\/\/champsgalottes.fr\/index.php\/wp-json\/wp\/v2\/media\/9183"}],"wp:attachment":[{"href":"https:\/\/champsgalottes.fr\/index.php\/wp-json\/wp\/v2\/media?parent=9178"}],"curies":[{"name":"wp","href":"https:\/\/api.w.org\/{rel}","templated":true}]}}