{"id":9186,"date":"2020-04-01T11:08:29","date_gmt":"2020-04-01T09:08:29","guid":{"rendered":"http:\/\/champsgalottes.fr\/?post_type=product&#038;p=9186"},"modified":"2021-03-21T20:41:45","modified_gmt":"2021-03-21T19:41:45","slug":"verveine-estrella","status":"publish","type":"product","link":"https:\/\/champsgalottes.fr\/index.php\/product\/verveine-estrella\/","title":{"rendered":"Verveine Estrella"},"content":{"rendered":"<p>Besoin d\u2019un conseil? Appelez-nous au\u00a006 71 93 81 60<\/p>\n","protected":false},"excerpt":{"rendered":"<ul>\n<li><strong>Blue Berry<\/strong> (bleu violet\u00e9)<\/li>\n<li><strong>Dark Purple<\/strong> (pourpre intense)<\/li>\n<li><strong>Hot Pink<\/strong> (rose intense)<\/li>\n<li><strong>Hurricane Blue<\/strong> (fleurs bleues violet\u00e9es et blanches)<\/li>\n<li><strong>Hurricane Purple Blue<\/strong> (fleurs pourpres et blanches)<\/li>\n<li><strong>Hurricane Red<\/strong> (fleurs rouges et blanches)<\/li>\n<li><strong>Merlot<\/strong> (photo principale)<\/li>\n<li><strong>Red<\/strong> (rouge)<\/li>\n<li><strong>Voodoo Pink Star<\/strong> (fleurs \u00e9toil\u00e9es roses et blanches)<\/li>\n<li><strong>Voodoo Red Star<\/strong> (fleurs \u00e9toil\u00e9es rouges et blanches)<\/li>\n<li><strong>White<\/strong> (blanc)<\/li>\n<\/ul>\n<p>&nbsp;<\/p>\n<p><em>S\u00e9lectionnez la vari\u00e9t\u00e9 pour afficher l\u2019image correspondante (au dessus du bouton \u201cAjouter au panier\u201d)<\/em><\/p>\n","protected":false},"featured_media":9187,"template":"","meta":[],"_links":{"self":[{"href":"https:\/\/champsgalottes.fr\/index.php\/wp-json\/wp\/v2\/product\/9186"}],"collection":[{"href":"https:\/\/champsgalottes.fr\/index.php\/wp-json\/wp\/v2\/product"}],"about":[{"href":"https:\/\/champsgalottes.fr\/index.php\/wp-json\/wp\/v2\/types\/product"}],"wp:featuredmedia":[{"embeddable":true,"href":"https:\/\/champsgalottes.fr\/index.php\/wp-json\/wp\/v2\/media\/9187"}],"wp:attachment":[{"href":"https:\/\/champsgalottes.fr\/index.php\/wp-json\/wp\/v2\/media?parent=9186"}],"curies":[{"name":"wp","href":"https:\/\/api.w.org\/{rel}","templated":true}]}}