{"id":9209,"date":"2020-04-01T11:11:52","date_gmt":"2020-04-01T09:11:52","guid":{"rendered":"http:\/\/champsgalottes.fr\/?post_type=product&#038;p=9209"},"modified":"2021-03-21T20:47:39","modified_gmt":"2021-03-21T19:47:39","slug":"sempervivum-varies","status":"publish","type":"product","link":"https:\/\/champsgalottes.fr\/index.php\/product\/sempervivum-varies\/","title":{"rendered":"Sempervivum vari\u00e9s"},"content":{"rendered":"<p>Besoin d\u2019un conseil? Appelez-nous au\u00a006 71 93 81 60<\/p>\n","protected":false},"excerpt":{"rendered":"<p>M\u00e9lange de vari\u00e9t\u00e9s r\u00e9sistantes au froid.<\/p>\n","protected":false},"featured_media":9210,"template":"","meta":[],"_links":{"self":[{"href":"https:\/\/champsgalottes.fr\/index.php\/wp-json\/wp\/v2\/product\/9209"}],"collection":[{"href":"https:\/\/champsgalottes.fr\/index.php\/wp-json\/wp\/v2\/product"}],"about":[{"href":"https:\/\/champsgalottes.fr\/index.php\/wp-json\/wp\/v2\/types\/product"}],"wp:featuredmedia":[{"embeddable":true,"href":"https:\/\/champsgalottes.fr\/index.php\/wp-json\/wp\/v2\/media\/9210"}],"wp:attachment":[{"href":"https:\/\/champsgalottes.fr\/index.php\/wp-json\/wp\/v2\/media?parent=9209"}],"curies":[{"name":"wp","href":"https:\/\/api.w.org\/{rel}","templated":true}]}}