{"id":9233,"date":"2020-03-26T11:43:20","date_gmt":"2020-03-26T10:43:20","guid":{"rendered":"http:\/\/champsgalottes.fr\/?post_type=product&#038;p=9233"},"modified":"2021-03-22T10:12:20","modified_gmt":"2021-03-22T09:12:20","slug":"isotoma-fluviastilis-pop-nfizz","status":"publish","type":"product","link":"https:\/\/champsgalottes.fr\/index.php\/product\/isotoma-fluviastilis-pop-nfizz\/","title":{"rendered":"Isotoma Fluviastilis Pop n&rsquo;Fizz"},"content":{"rendered":"<p><b>Exigences climatiques\u00a0:\u00a0<\/b><span style=\"font-weight: 400;\">Plein soleil<\/span><\/p>\n<p>&nbsp;<\/p>\n<p><b>Distance de plantation\u00a0:\u00a0<\/b><span style=\"font-weight: 400;\">Environ 40 cm<\/span><\/p>\n","protected":false},"excerpt":{"rendered":"<ul>\n<li>Blue<\/li>\n<li>Dark pink<\/li>\n<\/ul>\n<p>&nbsp;<\/p>\n<p class=\"p1\">Vari\u00e9t\u00e9 pr\u00e9coce \u00e0 floraison abondante ; grandes fleurs.<\/p>\n<p>&nbsp;<\/p>\n<p>&nbsp;<\/p>\n","protected":false},"featured_media":9236,"template":"","meta":[],"_links":{"self":[{"href":"https:\/\/champsgalottes.fr\/index.php\/wp-json\/wp\/v2\/product\/9233"}],"collection":[{"href":"https:\/\/champsgalottes.fr\/index.php\/wp-json\/wp\/v2\/product"}],"about":[{"href":"https:\/\/champsgalottes.fr\/index.php\/wp-json\/wp\/v2\/types\/product"}],"wp:featuredmedia":[{"embeddable":true,"href":"https:\/\/champsgalottes.fr\/index.php\/wp-json\/wp\/v2\/media\/9236"}],"wp:attachment":[{"href":"https:\/\/champsgalottes.fr\/index.php\/wp-json\/wp\/v2\/media?parent=9233"}],"curies":[{"name":"wp","href":"https:\/\/api.w.org\/{rel}","templated":true}]}}