{"id":9287,"date":"2020-04-01T14:40:14","date_gmt":"2020-04-01T12:40:14","guid":{"rendered":"http:\/\/champsgalottes.fr\/?post_type=product&#038;p=9287"},"modified":"2021-03-21T20:52:56","modified_gmt":"2021-03-21T19:52:56","slug":"pavot-de-californie","status":"publish","type":"product","link":"https:\/\/champsgalottes.fr\/index.php\/product\/pavot-de-californie\/","title":{"rendered":"Pavot de Californie"},"content":{"rendered":"<p>Besoin d\u2019un conseil? Appelez-nous au\u00a006 71 93 81 60<\/p>\n","protected":false},"excerpt":{"rendered":"<p>Vari\u00e9t\u00e9 florif\u00e8re \u00e0 grandes fleurs. R\u00e9siste au froid et au vent. Floraison : Juin et Juillet.<\/p>\n","protected":false},"featured_media":9289,"template":"","meta":[],"_links":{"self":[{"href":"https:\/\/champsgalottes.fr\/index.php\/wp-json\/wp\/v2\/product\/9287"}],"collection":[{"href":"https:\/\/champsgalottes.fr\/index.php\/wp-json\/wp\/v2\/product"}],"about":[{"href":"https:\/\/champsgalottes.fr\/index.php\/wp-json\/wp\/v2\/types\/product"}],"wp:featuredmedia":[{"embeddable":true,"href":"https:\/\/champsgalottes.fr\/index.php\/wp-json\/wp\/v2\/media\/9289"}],"wp:attachment":[{"href":"https:\/\/champsgalottes.fr\/index.php\/wp-json\/wp\/v2\/media?parent=9287"}],"curies":[{"name":"wp","href":"https:\/\/api.w.org\/{rel}","templated":true}]}}