{"id":9475,"date":"2020-04-21T18:50:24","date_gmt":"2020-04-21T16:50:24","guid":{"rendered":"http:\/\/champsgalottes.fr\/?post_type=product&#038;p=9475"},"modified":"2021-03-22T11:44:57","modified_gmt":"2021-03-22T10:44:57","slug":"courgette","status":"publish","type":"product","link":"https:\/\/champsgalottes.fr\/index.php\/product\/courgette\/","title":{"rendered":"Courgette"},"content":{"rendered":"<p>Besoin d\u2019un conseil? Appelez-nous au\u00a006 71 93 81 60<\/p>\n","protected":false},"excerpt":{"rendered":"<ul>\n<li>Courgette Diamant<\/li>\n<li>Courgette Floridor<\/li>\n<li>Courgette Parador<\/li>\n<li>Courgette ronde de Nice<\/li>\n<\/ul>\n<p>&nbsp;<\/p>\n<p><em>S\u00e9lectionnez la vari\u00e9t\u00e9 pour afficher l\u2019image correspondante (au dessus du bouton \u201cAjouter au panier\u201d)<\/em><\/p>\n","protected":false},"featured_media":9483,"template":"","meta":[],"_links":{"self":[{"href":"https:\/\/champsgalottes.fr\/index.php\/wp-json\/wp\/v2\/product\/9475"}],"collection":[{"href":"https:\/\/champsgalottes.fr\/index.php\/wp-json\/wp\/v2\/product"}],"about":[{"href":"https:\/\/champsgalottes.fr\/index.php\/wp-json\/wp\/v2\/types\/product"}],"wp:featuredmedia":[{"embeddable":true,"href":"https:\/\/champsgalottes.fr\/index.php\/wp-json\/wp\/v2\/media\/9483"}],"wp:attachment":[{"href":"https:\/\/champsgalottes.fr\/index.php\/wp-json\/wp\/v2\/media?parent=9475"}],"curies":[{"name":"wp","href":"https:\/\/api.w.org\/{rel}","templated":true}]}}