{"id":9484,"date":"2020-01-26T18:58:33","date_gmt":"2020-01-26T17:58:33","guid":{"rendered":"http:\/\/champsgalottes.fr\/?post_type=product&#038;p=9484"},"modified":"2021-03-22T11:45:26","modified_gmt":"2021-03-22T10:45:26","slug":"melon","status":"publish","type":"product","link":"https:\/\/champsgalottes.fr\/index.php\/product\/melon\/","title":{"rendered":"Melon"},"content":{"rendered":"<p>Besoin d\u2019un conseil? Appelez-nous au\u00a006 71 93 81 60<\/p>\n","protected":false},"excerpt":{"rendered":"<ul>\n<li>Tonga<\/li>\n<li>Sirocco<\/li>\n<li>Yogo<\/li>\n<\/ul>\n<p>&nbsp;<\/p>\n<p class=\"p1\"><em>S\u00e9lectionnez la vari\u00e9t\u00e9 pour afficher l\u2019image correspondante (au dessus du bouton \u201cAjouter au panier\u201d)<\/em><\/p>\n","protected":false},"featured_media":9489,"template":"","meta":[],"_links":{"self":[{"href":"https:\/\/champsgalottes.fr\/index.php\/wp-json\/wp\/v2\/product\/9484"}],"collection":[{"href":"https:\/\/champsgalottes.fr\/index.php\/wp-json\/wp\/v2\/product"}],"about":[{"href":"https:\/\/champsgalottes.fr\/index.php\/wp-json\/wp\/v2\/types\/product"}],"wp:featuredmedia":[{"embeddable":true,"href":"https:\/\/champsgalottes.fr\/index.php\/wp-json\/wp\/v2\/media\/9489"}],"wp:attachment":[{"href":"https:\/\/champsgalottes.fr\/index.php\/wp-json\/wp\/v2\/media?parent=9484"}],"curies":[{"name":"wp","href":"https:\/\/api.w.org\/{rel}","templated":true}]}}