{"id":9539,"date":"2020-03-27T13:51:47","date_gmt":"2020-03-27T12:51:47","guid":{"rendered":"http:\/\/champsgalottes.fr\/?post_type=product&#038;p=9539"},"modified":"2021-03-22T11:39:31","modified_gmt":"2021-03-22T10:39:31","slug":"pomme-de-terre","status":"publish","type":"product","link":"https:\/\/champsgalottes.fr\/index.php\/product\/pomme-de-terre\/","title":{"rendered":"Plant de pomme de terre"},"content":{"rendered":"<p><strong>Annabelle<\/strong><\/p>\n<p>Vari\u00e9t\u00e9 pr\u00e9coce \u00e0 chair ferme. Pommes de terre \u00e0 la forme plut\u00f4t allong\u00e9e, se conservant peu et \u00e0 consommer rapidement. Ayant une chair fine et savoureuse, elles sont id\u00e9ales pour les cuissons \u00e0 l&rsquo;eau ou \u00e0 la vapeur et se d\u00e9gustent aussi mijot\u00e9es ou rissol\u00e9es.<\/p>\n<p><strong>Rosabelle<\/strong><\/p>\n<p>La pomme de terre Rosabelle est une jolie vari\u00e9t\u00e9 pr\u00e9coce \u00e0 peau rouge et chair jaune produisant de gros tubercules. Polyvalente en cuisine (frites, rissol\u00e9e, vapeur).<\/p>\n<p><strong>Charlotte<\/strong><\/p>\n<p>La Pomme de Terre Charlotte est une vari\u00e9t\u00e9 demi-pr\u00e9coce de bon rendement. La Pomme de Terre Charlotte est oblongue, tr\u00e8s r\u00e9guli\u00e8re, yeux superficiels, la peau jaune, la chair jaune et ferme. R\u00e9put\u00e9e de bonne qualit\u00e9 culinaire et de tr\u00e8s bonne tenue \u00e0 la cuisson. A consommer en salade, gratin, chips, saut\u00e9es, en robe des champs&#8230;<\/p>\n<p><strong>Mona Lisa<\/strong><\/p>\n<p>Vari\u00e9t\u00e9 demi-pr\u00e9coce de bon rendement. Pomme de terre oblongue, yeux superficiels, peau jaune, chair jaune p\u00e2le bien ferme. Excellente qualit\u00e9 gustative et bonne conservation. R\u00e9put\u00e9e de culture facile, de bonne tol\u00e9rance au Mildiou et peu sensible aux maladies. C&rsquo;est une vari\u00e9t\u00e9 polyvalente \u00e0 consommer en salade, pommes de terre vapeur, rissol\u00e9es&#8230;<\/p>\n<p><strong>Bintje<\/strong><\/p>\n<p>La pomme de terre Bintje est une vari\u00e9t\u00e9 demi-pr\u00e9coce, tr\u00e8s productive et \u00e0 bonne conservation. Gros tubercules \u00e0 peau jaune, chair jaune, de bonne qualit\u00e9 convenant bien pour les pr\u00e9parations culinaires suivantes : pommes vapeur, frites, chips, pur\u00e9es&#8230; tr\u00e8s bonne souplesse d&rsquo;adaptation convenant bien \u00e0 diverses pr\u00e9parations culinaires.<\/p>\n<p><strong>Amandine<\/strong><\/p>\n<p>La Pomme de terre Amandine est une vari\u00e9t\u00e9 \u00e0 chair ferme pr\u00e9coce, productive, de belle pr\u00e9sentation et de bonne qualit\u00e9 culinaire, assez sensible aux maladies \u00e0 virus, aux chocs et \u00e0 l&rsquo;\u00e9germage. A consommer vapeur ou \u00e0 l&rsquo;eau, saut\u00e9es, mijot\u00e9es, avec ou sans la peau.<\/p>\n","protected":false},"excerpt":{"rendered":"<p>Vari\u00e9t\u00e9s:<\/p>\n<ul>\n<li>Annabelle<\/li>\n<li>Rosabelle<\/li>\n<li>Charlotte<\/li>\n<li>Mona Lisa<\/li>\n<li>Bintje<\/li>\n<li>Amandine<\/li>\n<\/ul>\n","protected":false},"featured_media":9552,"template":"","meta":[],"_links":{"self":[{"href":"https:\/\/champsgalottes.fr\/index.php\/wp-json\/wp\/v2\/product\/9539"}],"collection":[{"href":"https:\/\/champsgalottes.fr\/index.php\/wp-json\/wp\/v2\/product"}],"about":[{"href":"https:\/\/champsgalottes.fr\/index.php\/wp-json\/wp\/v2\/types\/product"}],"wp:featuredmedia":[{"embeddable":true,"href":"https:\/\/champsgalottes.fr\/index.php\/wp-json\/wp\/v2\/media\/9552"}],"wp:attachment":[{"href":"https:\/\/champsgalottes.fr\/index.php\/wp-json\/wp\/v2\/media?parent=9539"}],"curies":[{"name":"wp","href":"https:\/\/api.w.org\/{rel}","templated":true}]}}