{"id":9554,"date":"2020-03-27T14:18:52","date_gmt":"2020-03-27T13:18:52","guid":{"rendered":"http:\/\/champsgalottes.fr\/?post_type=product&#038;p=9554"},"modified":"2021-03-22T11:52:57","modified_gmt":"2021-03-22T10:52:57","slug":"echalotte","status":"publish","type":"product","link":"https:\/\/champsgalottes.fr\/index.php\/product\/echalotte\/","title":{"rendered":"\u00c9chalotte"},"content":{"rendered":"<p>Besoin d\u2019un conseil? Appelez-nous au\u00a006 58 92 84 28<\/p>\n","protected":false},"excerpt":{"rendered":"<p>2 vari\u00e9t\u00e9s disponibles:<\/p>\n<ul>\n<li>\u00c9chalotte Jermor (longue)<\/li>\n<li>\u00c9chalotte Mikor (mi-longue)<\/li>\n<\/ul>\n<p>&nbsp;<\/p>\n<p class=\"p1\"><em>S\u00e9lectionnez la vari\u00e9t\u00e9 pour afficher l\u2019image correspondante (au dessus du bouton \u201cAjouter au panier\u201d)<\/em><\/p>\n","protected":false},"featured_media":9566,"template":"","meta":[],"_links":{"self":[{"href":"https:\/\/champsgalottes.fr\/index.php\/wp-json\/wp\/v2\/product\/9554"}],"collection":[{"href":"https:\/\/champsgalottes.fr\/index.php\/wp-json\/wp\/v2\/product"}],"about":[{"href":"https:\/\/champsgalottes.fr\/index.php\/wp-json\/wp\/v2\/types\/product"}],"wp:featuredmedia":[{"embeddable":true,"href":"https:\/\/champsgalottes.fr\/index.php\/wp-json\/wp\/v2\/media\/9566"}],"wp:attachment":[{"href":"https:\/\/champsgalottes.fr\/index.php\/wp-json\/wp\/v2\/media?parent=9554"}],"curies":[{"name":"wp","href":"https:\/\/api.w.org\/{rel}","templated":true}]}}