{"id":9555,"date":"2020-03-27T14:29:15","date_gmt":"2020-03-27T13:29:15","guid":{"rendered":"http:\/\/champsgalottes.fr\/?post_type=product&#038;p=9555"},"modified":"2021-03-22T11:53:33","modified_gmt":"2021-03-22T10:53:33","slug":"oignon","status":"publish","type":"product","link":"https:\/\/champsgalottes.fr\/index.php\/product\/oignon\/","title":{"rendered":"Oignon"},"content":{"rendered":"<p>Besoin d\u2019un conseil? Appelez-nous au\u00a006 58 92 84 28<\/p>\n","protected":false},"excerpt":{"rendered":"<p>3 vari\u00e9t\u00e9s:<\/p>\n<ul>\n<li>Blanc Snowball<\/li>\n<li>Jaune Riesen Stuttgarter<\/li>\n<li>Rouge Red Baron<\/li>\n<\/ul>\n<p>&nbsp;<\/p>\n<p class=\"p1\"><em>S\u00e9lectionnez la vari\u00e9t\u00e9 pour afficher l\u2019image correspondante (au dessus du bouton \u201cAjouter au panier\u201d)<\/em><\/p>\n","protected":false},"featured_media":9569,"template":"","meta":[],"_links":{"self":[{"href":"https:\/\/champsgalottes.fr\/index.php\/wp-json\/wp\/v2\/product\/9555"}],"collection":[{"href":"https:\/\/champsgalottes.fr\/index.php\/wp-json\/wp\/v2\/product"}],"about":[{"href":"https:\/\/champsgalottes.fr\/index.php\/wp-json\/wp\/v2\/types\/product"}],"wp:featuredmedia":[{"embeddable":true,"href":"https:\/\/champsgalottes.fr\/index.php\/wp-json\/wp\/v2\/media\/9569"}],"wp:attachment":[{"href":"https:\/\/champsgalottes.fr\/index.php\/wp-json\/wp\/v2\/media?parent=9555"}],"curies":[{"name":"wp","href":"https:\/\/api.w.org\/{rel}","templated":true}]}}