{"id":9671,"date":"2020-03-27T20:06:48","date_gmt":"2020-03-27T19:06:48","guid":{"rendered":"http:\/\/champsgalottes.fr\/?post_type=product&#038;p=9671"},"modified":"2021-03-22T12:06:41","modified_gmt":"2021-03-22T11:06:41","slug":"pot-romeo-diametre-30cm","status":"publish","type":"product","link":"https:\/\/champsgalottes.fr\/index.php\/product\/pot-romeo-diametre-30cm\/","title":{"rendered":"Pot Romeo diam\u00e8tre 30cm"},"content":{"rendered":"<p>Besoin d\u2019un conseil? Appelez-nous au\u00a006 58 92 84 28<\/p>\n","protected":false},"excerpt":{"rendered":"<p>Couleurs disponibles:<\/p>\n<ul>\n<li>Rouge<\/li>\n<li>Taupe<\/li>\n<li>Noir violine<\/li>\n<li>Griotte<\/li>\n<\/ul>\n<p>&nbsp;<\/p>\n<p><em>S\u00e9lectionnez la vari\u00e9t\u00e9 pour afficher l\u2019image correspondante (au dessus du bouton \u201cAjouter au panier\u201d)<\/em><\/p>\n","protected":false},"featured_media":9650,"template":"","meta":[],"_links":{"self":[{"href":"https:\/\/champsgalottes.fr\/index.php\/wp-json\/wp\/v2\/product\/9671"}],"collection":[{"href":"https:\/\/champsgalottes.fr\/index.php\/wp-json\/wp\/v2\/product"}],"about":[{"href":"https:\/\/champsgalottes.fr\/index.php\/wp-json\/wp\/v2\/types\/product"}],"wp:featuredmedia":[{"embeddable":true,"href":"https:\/\/champsgalottes.fr\/index.php\/wp-json\/wp\/v2\/media\/9650"}],"wp:attachment":[{"href":"https:\/\/champsgalottes.fr\/index.php\/wp-json\/wp\/v2\/media?parent=9671"}],"curies":[{"name":"wp","href":"https:\/\/api.w.org\/{rel}","templated":true}]}}